{"id":9,"date":"2022-11-15T18:15:56","date_gmt":"2022-11-15T21:15:56","guid":{"rendered":"https:\/\/fonoaudiologiaclinica.com.br\/digital4\/?page_id=9"},"modified":"2022-11-21T16:13:11","modified_gmt":"2022-11-21T19:13:11","slug":"home","status":"publish","type":"page","link":"https:\/\/fonoaudiologiaclinica.com.br\/digital4\/","title":{"rendered":"Home"},"content":{"rendered":"\t\t<div data-elementor-type=\"wp-page\" data-elementor-id=\"9\" class=\"elementor elementor-9\">\n\t\t\t\t\t\t\t\t\t<section class=\"elementor-section elementor-top-section elementor-element elementor-element-242c58f elementor-section-height-full elementor-section-boxed elementor-section-height-default elementor-section-items-middle\" data-id=\"242c58f\" data-element_type=\"section\" data-settings=\"{&quot;background_background&quot;:&quot;classic&quot;}\">\n\t\t\t\t\t\t<div class=\"elementor-container elementor-column-gap-default\">\n\t\t\t\t\t<div class=\"elementor-column elementor-col-50 elementor-top-column elementor-element elementor-element-2f4e015\" data-id=\"2f4e015\" data-element_type=\"column\">\n\t\t\t<div class=\"elementor-widget-wrap\">\n\t\t\t\t\t\t\t\t\t<\/div>\n\t\t<\/div>\n\t\t\t\t<div class=\"elementor-column elementor-col-50 elementor-top-column elementor-element elementor-element-88dd1cb\" data-id=\"88dd1cb\" data-element_type=\"column\">\n\t\t\t<div class=\"elementor-widget-wrap elementor-element-populated\">\n\t\t\t\t\t\t\t\t<div class=\"elementor-element elementor-element-d07bf28 elementor-widget elementor-widget-heading\" data-id=\"d07bf28\" data-element_type=\"widget\" data-widget_type=\"heading.default\">\n\t\t\t\t<div class=\"elementor-widget-container\">\n\t\t\t<style>\/*! elementor - v3.8.1 - 13-11-2022 *\/\n.elementor-heading-title{padding:0;margin:0;line-height:1}.elementor-widget-heading .elementor-heading-title[class*=elementor-size-]>a{color:inherit;font-size:inherit;line-height:inherit}.elementor-widget-heading .elementor-heading-title.elementor-size-small{font-size:15px}.elementor-widget-heading .elementor-heading-title.elementor-size-medium{font-size:19px}.elementor-widget-heading .elementor-heading-title.elementor-size-large{font-size:29px}.elementor-widget-heading .elementor-heading-title.elementor-size-xl{font-size:39px}.elementor-widget-heading .elementor-heading-title.elementor-size-xxl{font-size:59px}<\/style><h2 class=\"elementor-heading-title elementor-size-default\">J\u00e1 pensou em ter um endere\u00e7o eletr\u00f4nico personalizado e s\u00f3 seu?<\/h2>\t\t<\/div>\n\t\t\t\t<\/div>\n\t\t\t\t<div class=\"elementor-element elementor-element-9e26da1 elementor-widget elementor-widget-text-editor\" data-id=\"9e26da1\" data-element_type=\"widget\" data-widget_type=\"text-editor.default\">\n\t\t\t\t<div class=\"elementor-widget-container\">\n\t\t\t<style>\/*! elementor - v3.8.1 - 13-11-2022 *\/\n.elementor-widget-text-editor.elementor-drop-cap-view-stacked .elementor-drop-cap{background-color:#818a91;color:#fff}.elementor-widget-text-editor.elementor-drop-cap-view-framed .elementor-drop-cap{color:#818a91;border:3px solid;background-color:transparent}.elementor-widget-text-editor:not(.elementor-drop-cap-view-default) .elementor-drop-cap{margin-top:8px}.elementor-widget-text-editor:not(.elementor-drop-cap-view-default) .elementor-drop-cap-letter{width:1em;height:1em}.elementor-widget-text-editor .elementor-drop-cap{float:left;text-align:center;line-height:1;font-size:50px}.elementor-widget-text-editor .elementor-drop-cap-letter{display:inline-block}<\/style>\t\t\t\t<p>Voc\u00ea pode ter um e-mail profissional com seu nome ou de sua empresa valorizando sua profiss\u00e3o e transmitindo uma imagem profissional e bem sucedida.<\/p>\t\t\t\t\t\t<\/div>\n\t\t\t\t<\/div>\n\t\t\t\t<div class=\"elementor-element elementor-element-b60ea92 elementor-widget elementor-widget-premium-addon-fancy-text\" data-id=\"b60ea92\" data-element_type=\"widget\" data-widget_type=\"premium-addon-fancy-text.default\">\n\t\t\t\t<div class=\"elementor-widget-container\">\n\t\t\t\t\t<div class=\"premium-fancy-text-wrapper typing  \" data-settings=\"{&quot;effect&quot;:&quot;typing&quot;,&quot;strings&quot;:[&quot;atendimento@seunome.com.br&quot;,&quot;seunome@nomedaclinica.com.br&quot;,&quot;ou o que voc\\u00ea desejar&quot;],&quot;typeSpeed&quot;:100,&quot;backSpeed&quot;:20,&quot;startDelay&quot;:30,&quot;backDelay&quot;:1000,&quot;showCursor&quot;:true,&quot;cursorChar&quot;:&quot;|&quot;,&quot;loop&quot;:true,&quot;loading&quot;:&quot;&quot;}\">\r\n\t\t\t\r\n\t\t\t\t\t<span id=\"premium-fancy-text-b60ea92\" class=\"premium-fancy-text\"><\/span>\r\n\t\t\t\t\t<\/div>\r\n\t\t\t\t<\/div>\n\t\t\t\t<\/div>\n\t\t\t\t<div class=\"elementor-element elementor-element-fa8237f elementor-align-right elementor-widget elementor-widget-button\" data-id=\"fa8237f\" data-element_type=\"widget\" data-widget_type=\"button.default\">\n\t\t\t\t<div class=\"elementor-widget-container\">\n\t\t\t\t\t<div class=\"elementor-button-wrapper\">\n\t\t\t<a href=\"#\" class=\"elementor-button-link elementor-button elementor-size-sm elementor-animation-grow\" role=\"button\">\n\t\t\t\t\t\t<span class=\"elementor-button-content-wrapper\">\n\t\t\t\t\t\t<span class=\"elementor-button-text\">Saiba mais<\/span>\n\t\t<\/span>\n\t\t\t\t\t<\/a>\n\t\t<\/div>\n\t\t\t\t<\/div>\n\t\t\t\t<\/div>\n\t\t\t\t\t<\/div>\n\t\t<\/div>\n\t\t\t\t\t\t\t<\/div>\n\t\t<\/section>\n\t\t\t\t<section class=\"elementor-section elementor-top-section elementor-element elementor-element-a9141fa elementor-section-boxed elementor-section-height-default elementor-section-height-default\" data-id=\"a9141fa\" data-element_type=\"section\">\n\t\t\t\t\t\t<div class=\"elementor-container elementor-column-gap-default\">\n\t\t\t\t\t<div class=\"elementor-column elementor-col-50 elementor-top-column elementor-element elementor-element-6d575c4\" data-id=\"6d575c4\" data-element_type=\"column\">\n\t\t\t<div class=\"elementor-widget-wrap elementor-element-populated\">\n\t\t\t\t\t\t\t\t<div class=\"elementor-element elementor-element-fadf657 elementor-widget elementor-widget-heading\" data-id=\"fadf657\" data-element_type=\"widget\" data-widget_type=\"heading.default\">\n\t\t\t\t<div class=\"elementor-widget-container\">\n\t\t\t<h2 class=\"elementor-heading-title elementor-size-default\">N\u00f3s tornamos o complexo simples<\/h2>\t\t<\/div>\n\t\t\t\t<\/div>\n\t\t\t\t<div class=\"elementor-element elementor-element-2ab3c2e elementor-widget elementor-widget-text-editor\" data-id=\"2ab3c2e\" data-element_type=\"widget\" data-widget_type=\"text-editor.default\">\n\t\t\t\t<div class=\"elementor-widget-container\">\n\t\t\t\t\t\t\t<p>Ter um endere\u00e7o eletr\u00f4nico personalizado &#8211; quem sabe um site &#8211; sem se preocupar com suas configura\u00e7\u00f5es, registros, defini\u00e7\u00f5es, etc&#8230;<\/p><p>Ter um especialista ao seu lado para resolver os problemas da \u00e1rea digital e tirar suas d\u00favidas em tecnologia.<\/p><p>Esta \u00e9 a nossa miss\u00e3o:<\/p>\t\t\t\t\t\t<\/div>\n\t\t\t\t<\/div>\n\t\t\t\t<div class=\"elementor-element elementor-element-651f4dc elementor-widget elementor-widget-text-editor\" data-id=\"651f4dc\" data-element_type=\"widget\" data-widget_type=\"text-editor.default\">\n\t\t\t\t<div class=\"elementor-widget-container\">\n\t\t\t\t\t\t\t<p><em>&#8220;prover aos nossos clientes todas as ferramentas necess\u00e1rias para que possam usufruir plenamente dos recursos que a tecnologia moderna oferece&#8221;<\/em><\/p>\t\t\t\t\t\t<\/div>\n\t\t\t\t<\/div>\n\t\t\t\t\t<\/div>\n\t\t<\/div>\n\t\t\t\t<div class=\"elementor-column elementor-col-50 elementor-top-column elementor-element elementor-element-19091a2\" data-id=\"19091a2\" data-element_type=\"column\" data-settings=\"{&quot;background_background&quot;:&quot;classic&quot;}\">\n\t\t\t<div class=\"elementor-widget-wrap elementor-element-populated\">\n\t\t\t\t\t\t\t\t<div class=\"elementor-element elementor-element-5657c7e elementor-widget elementor-widget-heading\" data-id=\"5657c7e\" data-element_type=\"widget\" data-widget_type=\"heading.default\">\n\t\t\t\t<div class=\"elementor-widget-container\">\n\t\t\t<h2 class=\"elementor-heading-title elementor-size-default\">Descubra o endere\u00e7o perfeito para voc\u00ea<\/h2>\t\t<\/div>\n\t\t\t\t<\/div>\n\t\t\t\t<div class=\"elementor-element elementor-element-915c03b elementor-widget elementor-widget-text-editor\" data-id=\"915c03b\" data-element_type=\"widget\" data-widget_type=\"text-editor.default\">\n\t\t\t\t<div class=\"elementor-widget-container\">\n\t\t\t\t\t\t\t<p>Para ter um endere\u00e7o eletr\u00f4nico voc\u00ea deve escolher um dom\u00ednio com o nome desejado.<\/p><p>Dom\u00ednio \u00e9 tudo aquilo que vem depois do @ e voc\u00ea pode us\u00e1-lo apenas como e-mail ou pode criar um site com esse endere\u00e7o (vamos conversar sobre isso?)<\/p><p>Por exemplo:<\/p><ul><li>seunome.com.br<\/li><li>nomedaclinica.com.br<\/li><li>especialistaemfono.com.br<\/li><li>etc&#8230;<\/li><\/ul><p>Digite abaixo o nome do dom\u00ednio que gostaria de ter para ver se est\u00e1 dispon\u00edvel:<\/p>\t\t\t\t\t\t<\/div>\n\t\t\t\t<\/div>\n\t\t\t\t<div class=\"elementor-element elementor-element-9ac9b0f elementor-widget elementor-widget-text-editor\" data-id=\"9ac9b0f\" data-element_type=\"widget\" data-widget_type=\"text-editor.default\">\n\t\t\t\t<div class=\"elementor-widget-container\">\n\t\t\t\t\t\t\t<div id=\"wp24-dc-1\" class=\"wp24-dc\"><\/div>\t\t\t\t\t\t<\/div>\n\t\t\t\t<\/div>\n\t\t\t\t<div class=\"elementor-element elementor-element-fd7fda0 elementor-widget elementor-widget-text-editor\" data-id=\"fd7fda0\" data-element_type=\"widget\" data-widget_type=\"text-editor.default\">\n\t\t\t\t<div class=\"elementor-widget-container\">\n\t\t\t\t\t\t\t<p>As regras s\u00e3o:<\/p><ul><li>n\u00e3o pode conter espa\u00e7o em branco, caracteres acentuados ou cedilha<\/li><li>tamanho m\u00e1ximo de 26 caracteres<\/li><\/ul><p>E depois do nome vem uma extens\u00e3o. Por ex:<\/p><ul><li>.com<\/li><li>.com.br<\/li><li>.fnd.br (especial para fonos)<\/li><li>campinas.br &#8211; sampa.br &#8211; rio.br &#8211; floripa.br &#8211; etc&#8230; (especial com os nomes de v\u00e1rias cidades do pa\u00eds)<\/li><li>adv.br &#8211; med.br &#8211; arq.br &#8211; adm.br &#8211; etc&#8230; (especiais para outros profissionais liberais)<\/li><li>e muitas outras<\/li><\/ul><p>Fale conosco para te ajudarmos a escolher um dom\u00ednio especial para voc\u00ea.<\/p>\t\t\t\t\t\t<\/div>\n\t\t\t\t<\/div>\n\t\t\t\t<div class=\"elementor-element elementor-element-6398dbe elementor-align-right elementor-widget elementor-widget-button\" data-id=\"6398dbe\" data-element_type=\"widget\" data-widget_type=\"button.default\">\n\t\t\t\t<div class=\"elementor-widget-container\">\n\t\t\t\t\t<div class=\"elementor-button-wrapper\">\n\t\t\t<a href=\"#\" class=\"elementor-button-link elementor-button elementor-size-sm elementor-animation-grow\" role=\"button\">\n\t\t\t\t\t\t<span class=\"elementor-button-content-wrapper\">\n\t\t\t\t\t\t<span class=\"elementor-button-text\">Torne-se cliente<\/span>\n\t\t<\/span>\n\t\t\t\t\t<\/a>\n\t\t<\/div>\n\t\t\t\t<\/div>\n\t\t\t\t<\/div>\n\t\t\t\t\t<\/div>\n\t\t<\/div>\n\t\t\t\t\t\t\t<\/div>\n\t\t<\/section>\n\t\t\t\t<section class=\"elementor-section elementor-top-section elementor-element elementor-element-8983004 elementor-section-boxed elementor-section-height-default elementor-section-height-default\" data-id=\"8983004\" data-element_type=\"section\" data-settings=\"{&quot;background_background&quot;:&quot;classic&quot;}\">\n\t\t\t\t\t\t<div class=\"elementor-container elementor-column-gap-default\">\n\t\t\t\t\t<div class=\"elementor-column elementor-col-100 elementor-top-column elementor-element elementor-element-6ac69d6\" data-id=\"6ac69d6\" data-element_type=\"column\">\n\t\t\t<div class=\"elementor-widget-wrap elementor-element-populated\">\n\t\t\t\t\t\t\t\t<div class=\"elementor-element elementor-element-70646bd elementor-widget elementor-widget-heading\" data-id=\"70646bd\" data-element_type=\"widget\" data-widget_type=\"heading.default\">\n\t\t\t\t<div class=\"elementor-widget-container\">\n\t\t\t<h3 class=\"elementor-heading-title elementor-size-default\">Alguns clientes que conhecem e confiam em nosso trabalho<\/h3>\t\t<\/div>\n\t\t\t\t<\/div>\n\t\t\t\t<div class=\"elementor-element elementor-element-02b0a17 elementor-grid-6 elementor-grid-tablet-2 elementor-grid-mobile-1 elementor-widget elementor-widget-portfolio\" data-id=\"02b0a17\" data-element_type=\"widget\" data-settings=\"{&quot;columns&quot;:&quot;6&quot;,&quot;columns_tablet&quot;:&quot;2&quot;,&quot;columns_mobile&quot;:&quot;1&quot;,&quot;item_ratio&quot;:{&quot;unit&quot;:&quot;px&quot;,&quot;size&quot;:0.66,&quot;sizes&quot;:[]},&quot;item_gap&quot;:{&quot;unit&quot;:&quot;px&quot;,&quot;size&quot;:&quot;&quot;,&quot;sizes&quot;:[]},&quot;row_gap&quot;:{&quot;unit&quot;:&quot;px&quot;,&quot;size&quot;:&quot;&quot;,&quot;sizes&quot;:[]}}\" data-widget_type=\"portfolio.default\">\n\t\t\t\t<div class=\"elementor-widget-container\">\n\t\t\t<link rel=\"stylesheet\" href=\"https:\/\/fonoaudiologiaclinica.com.br\/digital4\/wp-content\/plugins\/elementor-pro\/assets\/css\/widget-posts.min.css\">\t\t<div class=\"elementor-portfolio elementor-grid elementor-posts-container\">\n\t\t\t\t<article class=\"elementor-portfolio-item elementor-post  post-1 post type-post status-publish format-standard hentry category-uncategorized\">\n\t\t\t<a class=\"elementor-post__thumbnail__link\" href=\"https:\/\/fonoaudiologiaclinica.com.br\/digital4\/hello-world\/\">\n\t\t\t\t<div class=\"elementor-portfolio-item__img elementor-post__thumbnail\">\n\t\t\t\t\t<\/div>\n\t\t\t\t<div class=\"elementor-portfolio-item__overlay\">\n\t\t\t\t<h3 class=\"elementor-portfolio-item__title\">\n\t\tHello world!\t\t<\/h3>\n\t\t\t\t<\/div>\n\t\t\t\t<\/a>\n\t\t<\/article>\n\t\t\t\t<\/div>\n\t\t\t\t<\/div>\n\t\t\t\t<\/div>\n\t\t\t\t\t<\/div>\n\t\t<\/div>\n\t\t\t\t\t\t\t<\/div>\n\t\t<\/section>\n\t\t\t\t\t\t\t<\/div>\n\t\t","protected":false},"excerpt":{"rendered":"<p>J\u00e1 pensou em ter um endere\u00e7o eletr\u00f4nico personalizado e s\u00f3 seu? Voc\u00ea pode ter um e-mail profissional com seu nome ou de sua empresa valorizando sua profiss\u00e3o e transmitindo uma imagem profissional e bem sucedida. Saiba mais N\u00f3s tornamos o complexo simples Ter um endere\u00e7o eletr\u00f4nico personalizado &#8211; quem sabe um site &#8211; sem se [&hellip;]<\/p>\n","protected":false},"author":1,"featured_media":0,"parent":0,"menu_order":0,"comment_status":"closed","ping_status":"closed","template":"elementor_canvas","meta":{"footnotes":""},"class_list":["post-9","page","type-page","status-publish","hentry"],"_links":{"self":[{"href":"https:\/\/fonoaudiologiaclinica.com.br\/digital4\/wp-json\/wp\/v2\/pages\/9","targetHints":{"allow":["GET"]}}],"collection":[{"href":"https:\/\/fonoaudiologiaclinica.com.br\/digital4\/wp-json\/wp\/v2\/pages"}],"about":[{"href":"https:\/\/fonoaudiologiaclinica.com.br\/digital4\/wp-json\/wp\/v2\/types\/page"}],"author":[{"embeddable":true,"href":"https:\/\/fonoaudiologiaclinica.com.br\/digital4\/wp-json\/wp\/v2\/users\/1"}],"replies":[{"embeddable":true,"href":"https:\/\/fonoaudiologiaclinica.com.br\/digital4\/wp-json\/wp\/v2\/comments?post=9"}],"version-history":[{"count":379,"href":"https:\/\/fonoaudiologiaclinica.com.br\/digital4\/wp-json\/wp\/v2\/pages\/9\/revisions"}],"predecessor-version":[{"id":497,"href":"https:\/\/fonoaudiologiaclinica.com.br\/digital4\/wp-json\/wp\/v2\/pages\/9\/revisions\/497"}],"wp:attachment":[{"href":"https:\/\/fonoaudiologiaclinica.com.br\/digital4\/wp-json\/wp\/v2\/media?parent=9"}],"curies":[{"name":"wp","href":"https:\/\/api.w.org\/{rel}","templated":true}]}}